{"id":12,"date":"2023-07-11T13:01:24","date_gmt":"2023-07-11T13:01:24","guid":{"rendered":"https:\/\/project.gaf.ni.ac.rs\/greenbuild\/?page_id=12"},"modified":"2024-03-25T13:13:26","modified_gmt":"2024-03-25T13:13:26","slug":"greenbuild-conference","status":"publish","type":"page","link":"https:\/\/project.gaf.ni.ac.rs\/greenbuild\/greenbuild-conference","title":{"rendered":"6th Conference"},"content":{"rendered":"\n<h3 class=\"wp-block-heading\"><strong><mark style=\"background-color:rgba(0, 0, 0, 0)\" class=\"has-inline-color has-primary-color\">6<sup>th<\/sup> GreenBuild Conference<\/mark><\/strong><\/h3>\n\n\n\n<h4 class=\"wp-block-heading\"><strong><mark style=\"background-color:rgba(0, 0, 0, 0);color:#de0909\" class=\"has-inline-color\">POZIV ZA PARTNERSTVO I SARADNJU POVODOM \u0160ESTE KONFERENCIJE<\/mark><\/strong><\/h4>\n\n\n\n<div class=\"wp-block-columns is-layout-flex wp-container-3\">\n<div class=\"wp-block-column is-layout-flow\">\n<p>Klaster Zelene gradnje u saradnji sa Gra\u0111evinsko-arhitektonskim fakultetom i Ma\u0161inskim fakultetom Univerziteta u Ni\u0161u, organizuje \u0161estu konferenciju za redom pod nazivom:<\/p>\n\n\n\n<p><mark style=\"background-color:rgba(0, 0, 0, 0);color:#d00a0a\" class=\"has-inline-color\">\u201e<em><strong>SINERGIJA INDUSTRIJE &amp; AKADEMSKE ZAJEDNICE \/ Zelena agenda Srbije\u201c<\/strong><\/em><\/mark><\/p>\n\n\n\n<h4 class=\"wp-block-heading\"><\/h4>\n\n\n\n<p>Konferencija \u0107e se odr\u017eati 14-15. septembra 2023. godine u Nau\u010dno-tehnolo\u0161kom parku u Ni\u0161u, kao mini konferencija u okviru me\u0111unarodne konferencije SINARG 2023.<\/p>\n\n\n\n<p>Zadovoljstvo nam je da Vas obavestimo da Klaster Zelene gradnje, nakon pet uspe\u0161no realizovanih prethodnih konferencija, priprema jo\u0161 jedan stru\u010dni skup sa zanimljivom temom koja pre svega ima za cilj da stru\u010dnu i \u0161iru javnost informi\u0161e, animira i zainteresuje za potencijal zelene gradnje.<\/p>\n\n\n\n<p>Konferencija \u0107e poku\u0161ati da, sinergijom akademske zajednice\/nauke i industrije\/prakse, sve zainteresovane, po\u010dev od: in\u017eenjera, projektanata, izvo\u0111a\u010da gra\u0111evinskih radova, me\u0111unarodnih i doma\u0107ih proizvo\u0111a\u010da materijala i opreme, pa sve do: investitora, preduzetnika, predstavnika vladinog i nevladinog sektora, dru\u0161tveno odgovornih preduze\u0107a i institucija, kao i svih fizi\u010dkih lica, uputi u sve aktuelnosti kori\u0161\u0107enja i olak\u0161ica na polju EE i Zelene gradnje.<\/p>\n\n\n\n<p><strong>Pomenuti doga\u0111aj bi\u0107e idealna platforma za poslovno povezivanje i stru\u010dno usavr\u0161avanje svih gore navedenih grupa, kako bi se zajedni\u010dkom saradnjom do\u0161lo do \u0161to boljih re\u0161enja kako u praksi, tako i u akademskim krugovima.<\/strong><\/p>\n\n\n\n<p><strong>Klaster Zelene gradnje,<\/strong> Vojvode Mi\u0161ica 60\/9, Ni\u0161, <strong>tel: 063\/11 63932<\/strong><\/p>\n\n\n\n<div class=\"wp-block-group is-vertical is-layout-flex wp-container-1\">\n<p><strong>Kontakt osobe za dodatne informacije i prijavu:<\/strong><\/p>\n\n\n\n<p>Ivana Luki\u0107, tel: +381631163932<\/p>\n\n\n\n<p>Ana \u017divadinovi\u0107, tel: +381695590984<\/p>\n\n\n\n<p class=\"has-link-color wp-elements-e1bae9c0e63796f352abae7f106b3224\">e-mail: <a href=\"mailto:grzelena6@gmail.com\">grzelena6@gmail.com<\/a><\/p>\n\n\n\n<p><a href=\"https:\/\/conference.greenbuild.rs\"><mark style=\"background-color:rgba(0, 0, 0, 0);color:#d00707\" class=\"has-inline-color\">https:\/\/conference.greenbuild.rs<\/mark><\/a><\/p>\n<\/div>\n<\/div>\n<\/div>\n","protected":false},"excerpt":{"rendered":"<p>6th GreenBuild Conference POZIV ZA PARTNERSTVO I SARADNJU POVODOM \u0160ESTE KONFERENCIJE Klaster Zelene gradnje u saradnji sa Gra\u0111evinsko-arhitektonskim fakultetom i Ma\u0161inskim fakultetom Univerziteta u Ni\u0161u, organizuje \u0161estu konferenciju za redom pod nazivom: \u201eSINERGIJA INDUSTRIJE &amp; AKADEMSKE ZAJEDNICE \/ Zelena agenda Srbije\u201c Konferencija \u0107e se odr\u017eati 14-15. septembra 2023. godine u Nau\u010dno-tehnolo\u0161kom parku u Ni\u0161u, kao [&hellip;]<\/p>\n","protected":false},"author":1,"featured_media":0,"parent":0,"menu_order":0,"comment_status":"closed","ping_status":"closed","template":"","meta":[],"_links":{"self":[{"href":"https:\/\/project.gaf.ni.ac.rs\/greenbuild\/wp-json\/wp\/v2\/pages\/12"}],"collection":[{"href":"https:\/\/project.gaf.ni.ac.rs\/greenbuild\/wp-json\/wp\/v2\/pages"}],"about":[{"href":"https:\/\/project.gaf.ni.ac.rs\/greenbuild\/wp-json\/wp\/v2\/types\/page"}],"author":[{"embeddable":true,"href":"https:\/\/project.gaf.ni.ac.rs\/greenbuild\/wp-json\/wp\/v2\/users\/1"}],"replies":[{"embeddable":true,"href":"https:\/\/project.gaf.ni.ac.rs\/greenbuild\/wp-json\/wp\/v2\/comments?post=12"}],"version-history":[{"count":13,"href":"https:\/\/project.gaf.ni.ac.rs\/greenbuild\/wp-json\/wp\/v2\/pages\/12\/revisions"}],"predecessor-version":[{"id":115,"href":"https:\/\/project.gaf.ni.ac.rs\/greenbuild\/wp-json\/wp\/v2\/pages\/12\/revisions\/115"}],"wp:attachment":[{"href":"https:\/\/project.gaf.ni.ac.rs\/greenbuild\/wp-json\/wp\/v2\/media?parent=12"}],"curies":[{"name":"wp","href":"https:\/\/api.w.org\/{rel}","templated":true}]}}