{"id":191,"date":"2023-07-25T13:26:48","date_gmt":"2023-07-25T13:26:48","guid":{"rendered":"https:\/\/project.gaf.ni.ac.rs\/greenbuild\/?page_id=191"},"modified":"2024-03-25T13:39:52","modified_gmt":"2024-03-25T13:39:52","slug":"opportunities","status":"publish","type":"page","link":"https:\/\/project.gaf.ni.ac.rs\/greenbuild\/opportunities","title":{"rendered":"Opportunities"},"content":{"rendered":"\n<h2 class=\"wp-block-heading\">Prednosti  i mogucnosti<\/h2>\n\n\n\n<p><\/p>\n\n\n\n<p>Klaster zelene gradnje Nis organizuje VII Green Building nacionalnu konferenciju sa medjunarodnim ucescem na temu:<\/p>\n\n\n\n<p><mark style=\"background-color:rgba(0, 0, 0, 0);color:#d00a0a\" class=\"has-inline-color\"><strong><em>VII KONFERENCIJA <\/em>\u201e<\/strong><em><strong>ZELENA GRADNJA &#8211; GRADFITELJSTVO U PROCESU  TRANZICIJE\u201c<\/strong><\/em><\/mark><\/p>\n\n\n\n<p>Na VII konferenciji zelene gradnje Green Build klastera, u organizaciji su Gradjevisko-\u0430rhitektonski fakultet Nis i Arhitektonsk\u043e-gradjevinsko-geodetski fakultet Banja Luka, pod pokroviteljstvom Ministarstva nauke i tehnoloskog razvoja Republike Srbije. Zato ce sedma konferencija biti najveca do sada i nesto drugacija od prethodnih. Bice predavanja po pozivu profesora iz Beograda i Banja Luke, i ocekujemo da stigne mnogo strucnih i naucnih radova, koji ce biti objavljeni u Zborniku radova Green Building konferencije.<\/p>\n\n\n\n<p>I pored ovakvog obima konferencije Green Build Klaster Nis ce kao i svih prethodnih godina, svojim vernim partnerima obezbediti adekvatnu promociju i odgovarajucu satnicu. VII Green Build konferenciju ce ciniti vise radnih&nbsp; sesija o aktuelnim proizvodima i projektima, kao i predstavljanje pratecih sponzora i partnera.<\/p>\n\n\n\n<p>Specijalne zvanice Green Build Klastera su razlicite interesne grupe inzenjera, projektanata, izvodjaca gradjevinskih radova, medjunarodni i domaci proizvodjaci materijala, opreme i usluga, investitori, zeleni preduzetnici, vladin sektor, institucije, akademski sektor, drustvena predzeca, studenti i fizicka lica.<\/p>\n\n\n\n<p>Tema konferencije: &#8220;Zelena gradnja &#8211; graditeljstvo u procesu tranzicije&#8221;<\/p>\n\n\n\n<p>Datum konferencije: 5. jun 2024<\/p>\n\n\n\n<p>Mesto konferencije: Gra\u0111evinsko-arhitektonski fakultet Nis<\/p>\n\n\n\n<p><strong>7. konferencija koja \u0107e sigurno biti najveca do sada, je idealna platforma za poslovno povezivanje<\/strong> <strong>stru<strong>\u010d<\/strong>njaka, kako bi se zajedni\u010dkom saradnjom do\u0161lo do \u0161to boljih re\u0161enja u praksi i akademskim krugovima<\/strong><\/p>\n\n\n\n<p>Detaljnije aktuelne informacije mozete videti na web sajtu konferencije:<\/p>\n\n\n\n<p><a href=\"https:\/\/project.gaf.ni.ac.rs\/greenbuilding\">https:\/\/project.gaf.ni.ac.rs\/greenbuilding<\/a><\/p>\n\n\n\n<p>Nadam se da cemo nastaviti uspesnu poslovnu&nbsp; saradnju!<\/p>\n\n\n\n<p>S&#8217; po\u0161tovanjem,<\/p>\n\n\n\n<p>Ivana Luki\u0107, predsednik klastera zelene gradnje<\/p>\n\n\n\n<p><a href=\"mailto:gbcluster@gmail.com\" target=\"_blank\" rel=\"noreferrer noopener\">gbcluster@gmail.com<\/a><\/p>\n\n\n\n<p><em><a href=\"http:\/\/www.greenbuild.rs\/\" target=\"_blank\" rel=\"noreferrer noopener\">www.greenbuild.rs<\/a><\/em><\/p>\n\n\n\n<p><em>&nbsp; 063 11 63 932<br>&nbsp; 018 220 202<\/em><\/p>\n\n\n\n<p><\/p>\n\n\n\n<p><\/p>\n","protected":false},"excerpt":{"rendered":"<p>Prednosti i mogucnosti Klaster zelene gradnje Nis organizuje VII Green Building nacionalnu konferenciju sa medjunarodnim ucescem na temu: VII KONFERENCIJA \u201eZELENA GRADNJA &#8211; GRADFITELJSTVO U PROCESU TRANZICIJE\u201c Na VII konferenciji zelene gradnje Green Build klastera, u organizaciji su Gradjevisko-\u0430rhitektonski fakultet Nis i Arhitektonsk\u043e-gradjevinsko-geodetski fakultet Banja Luka, pod pokroviteljstvom Ministarstva nauke i tehnoloskog razvoja Republike Srbije. [&hellip;]<\/p>\n","protected":false},"author":1,"featured_media":0,"parent":0,"menu_order":0,"comment_status":"closed","ping_status":"closed","template":"","meta":[],"_links":{"self":[{"href":"https:\/\/project.gaf.ni.ac.rs\/greenbuild\/wp-json\/wp\/v2\/pages\/191"}],"collection":[{"href":"https:\/\/project.gaf.ni.ac.rs\/greenbuild\/wp-json\/wp\/v2\/pages"}],"about":[{"href":"https:\/\/project.gaf.ni.ac.rs\/greenbuild\/wp-json\/wp\/v2\/types\/page"}],"author":[{"embeddable":true,"href":"https:\/\/project.gaf.ni.ac.rs\/greenbuild\/wp-json\/wp\/v2\/users\/1"}],"replies":[{"embeddable":true,"href":"https:\/\/project.gaf.ni.ac.rs\/greenbuild\/wp-json\/wp\/v2\/comments?post=191"}],"version-history":[{"count":7,"href":"https:\/\/project.gaf.ni.ac.rs\/greenbuild\/wp-json\/wp\/v2\/pages\/191\/revisions"}],"predecessor-version":[{"id":418,"href":"https:\/\/project.gaf.ni.ac.rs\/greenbuild\/wp-json\/wp\/v2\/pages\/191\/revisions\/418"}],"wp:attachment":[{"href":"https:\/\/project.gaf.ni.ac.rs\/greenbuild\/wp-json\/wp\/v2\/media?parent=191"}],"curies":[{"name":"wp","href":"https:\/\/api.w.org\/{rel}","templated":true}]}}